{"id":63,"date":"2022-04-13T18:35:44","date_gmt":"2022-04-13T16:35:44","guid":{"rendered":"https:\/\/websites.fraunhofer.de\/autoqml\/?page_id=63"},"modified":"2024-01-11T17:02:37","modified_gmt":"2024-01-11T16:02:37","slug":"konsortium","status":"publish","type":"page","link":"https:\/\/www.autoqml.ai\/en\/konsortium\/","title":{"rendered":"Consortium"},"content":{"rendered":"<div data-elementor-type=\"wp-page\" data-elementor-id=\"63\" class=\"elementor elementor-63\" data-elementor-post-type=\"page\">\n\t\t\t\t\t\t<section class=\"elementor-section elementor-top-section elementor-element elementor-element-0d45645 elementor-section-boxed elementor-section-height-default elementor-section-height-default\" data-id=\"0d45645\" data-element_type=\"section\" data-e-type=\"section\">\n\t\t\t\t\t\t<div class=\"elementor-container elementor-column-gap-default\">\n\t\t\t\t\t<div class=\"elementor-column elementor-col-25 elementor-top-column elementor-element elementor-element-60adeed\" data-id=\"60adeed\" data-element_type=\"column\" data-e-type=\"column\">\n\t\t\t<div class=\"elementor-widget-wrap elementor-element-populated\">\n\t\t\t\t\t\t<div class=\"elementor-element elementor-element-b330f01 elementor-widget elementor-widget-image\" data-id=\"b330f01\" data-element_type=\"widget\" data-e-type=\"widget\" data-widget_type=\"image.default\">\n\t\t\t\t<div class=\"elementor-widget-container\">\n\t\t\t\t\t\t\t\t\t\t\t\t\t\t\t<img decoding=\"async\" width=\"150\" height=\"150\" src=\"https:\/\/www.autoqml.ai\/wp-content\/uploads\/2022\/04\/IAO-Logo-150x150.png\" class=\"attachment-thumbnail size-thumbnail wp-image-125\" alt=\"\" sizes=\"100vw\" \/>\t\t\t\t\t\t\t\t\t\t\t\t\t\t\t<\/div>\n\t\t\t\t<\/div>\n\t\t\t\t\t<\/div>\n\t\t<\/div>\n\t\t\t\t<div class=\"elementor-column elementor-col-25 elementor-top-column elementor-element elementor-element-6d11b51\" data-id=\"6d11b51\" data-element_type=\"column\" data-e-type=\"column\">\n\t\t\t<div class=\"elementor-widget-wrap elementor-element-populated\">\n\t\t\t\t\t\t<div class=\"elementor-element elementor-element-4386a3a elementor-widget elementor-widget-image\" data-id=\"4386a3a\" data-element_type=\"widget\" data-e-type=\"widget\" data-widget_type=\"image.default\">\n\t\t\t\t<div class=\"elementor-widget-container\">\n\t\t\t\t\t\t\t\t\t\t\t\t\t\t\t<img decoding=\"async\" width=\"150\" height=\"150\" src=\"https:\/\/www.autoqml.ai\/wp-content\/uploads\/2022\/04\/Fraunhofer-IPA_1-150x150.png\" class=\"attachment-thumbnail size-thumbnail wp-image-137\" alt=\"\" srcset=\"https:\/\/www.autoqml.ai\/wp-content\/uploads\/2022\/04\/Fraunhofer-IPA_1-150x150.png 150w, https:\/\/www.autoqml.ai\/wp-content\/uploads\/2022\/04\/Fraunhofer-IPA_1-800x800.png 800w\" sizes=\"100vw\" \/>\t\t\t\t\t\t\t\t\t\t\t\t\t\t\t<\/div>\n\t\t\t\t<\/div>\n\t\t\t\t\t<\/div>\n\t\t<\/div>\n\t\t\t\t<div class=\"elementor-column elementor-col-25 elementor-top-column elementor-element elementor-element-c91ada7\" data-id=\"c91ada7\" data-element_type=\"column\" data-e-type=\"column\">\n\t\t\t<div class=\"elementor-widget-wrap elementor-element-populated\">\n\t\t\t\t\t\t<div class=\"elementor-element elementor-element-92feb21 elementor-widget__width-initial elementor-absolute elementor-widget elementor-widget-image\" data-id=\"92feb21\" data-element_type=\"widget\" data-e-type=\"widget\" data-settings=\"{&quot;_position&quot;:&quot;absolute&quot;}\" data-widget_type=\"image.default\">\n\t\t\t\t<div class=\"elementor-widget-container\">\n\t\t\t\t\t\t\t\t\t\t\t\t\t\t\t<img decoding=\"async\" width=\"300\" height=\"120\" src=\"https:\/\/www.autoqml.ai\/wp-content\/uploads\/2022\/04\/GFT_logo_framed_v2-1-300x120.png\" class=\"attachment-medium size-medium wp-image-116\" alt=\"\" srcset=\"https:\/\/www.autoqml.ai\/wp-content\/uploads\/2022\/04\/GFT_logo_framed_v2-1-300x120.png 300w, https:\/\/www.autoqml.ai\/wp-content\/uploads\/2022\/04\/GFT_logo_framed_v2-1-1024x409.png 1024w, https:\/\/www.autoqml.ai\/wp-content\/uploads\/2022\/04\/GFT_logo_framed_v2-1-768x307.png 768w, https:\/\/www.autoqml.ai\/wp-content\/uploads\/2022\/04\/GFT_logo_framed_v2-1-1536x614.png 1536w, https:\/\/www.autoqml.ai\/wp-content\/uploads\/2022\/04\/GFT_logo_framed_v2-1-2048x819.png 2048w, https:\/\/www.autoqml.ai\/wp-content\/uploads\/2022\/04\/GFT_logo_framed_v2-1-2000x799.png 2000w, https:\/\/www.autoqml.ai\/wp-content\/uploads\/2022\/04\/GFT_logo_framed_v2-1-18x7.png 18w, https:\/\/www.autoqml.ai\/wp-content\/uploads\/2022\/04\/GFT_logo_framed_v2-1-600x240.png 600w, https:\/\/www.autoqml.ai\/wp-content\/uploads\/2022\/04\/GFT_logo_framed_v2-1-1200x480.png 1200w\" sizes=\"100vw\" \/>\t\t\t\t\t\t\t\t\t\t\t\t\t\t\t<\/div>\n\t\t\t\t<\/div>\n\t\t\t\t\t<\/div>\n\t\t<\/div>\n\t\t\t\t<div class=\"elementor-column elementor-col-25 elementor-top-column elementor-element elementor-element-cc50b99\" data-id=\"cc50b99\" data-element_type=\"column\" data-e-type=\"column\">\n\t\t\t<div class=\"elementor-widget-wrap elementor-element-populated\">\n\t\t\t\t\t\t<div class=\"elementor-element elementor-element-edb3da7 elementor-widget elementor-widget-image\" data-id=\"edb3da7\" data-element_type=\"widget\" data-e-type=\"widget\" data-widget_type=\"image.default\">\n\t\t\t\t<div class=\"elementor-widget-container\">\n\t\t\t\t\t\t\t\t\t\t\t\t\t\t\t<img loading=\"lazy\" decoding=\"async\" width=\"150\" height=\"150\" src=\"https:\/\/www.autoqml.ai\/wp-content\/uploads\/2022\/04\/IAV-Logo1-150x150.png\" class=\"attachment-thumbnail size-thumbnail wp-image-139\" alt=\"\" sizes=\"100vw\" \/>\t\t\t\t\t\t\t\t\t\t\t\t\t\t\t<\/div>\n\t\t\t\t<\/div>\n\t\t\t\t\t<\/div>\n\t\t<\/div>\n\t\t\t\t\t<\/div>\n\t\t<\/section>\n\t\t\t\t<section class=\"elementor-section elementor-top-section elementor-element elementor-element-dfac052 elementor-section-boxed elementor-section-height-default elementor-section-height-default\" data-id=\"dfac052\" data-element_type=\"section\" data-e-type=\"section\">\n\t\t\t\t\t\t<div class=\"elementor-container elementor-column-gap-default\">\n\t\t\t\t\t<div class=\"elementor-column elementor-col-25 elementor-top-column elementor-element elementor-element-2af6a51\" data-id=\"2af6a51\" data-element_type=\"column\" data-e-type=\"column\">\n\t\t\t<div class=\"elementor-widget-wrap elementor-element-populated\">\n\t\t\t\t\t\t<div class=\"elementor-element elementor-element-be3b5c9 elementor-widget elementor-widget-text-editor\" data-id=\"be3b5c9\" data-element_type=\"widget\" data-e-type=\"widget\" data-widget_type=\"text-editor.default\">\n\t\t\t\t<div class=\"elementor-widget-container\">\n\t\t\t\t\t\t\t\t\t<h4>Fraunhofer Institute for Industrial Engineering IAO<\/h4><p>How will people work and live in the future? Scientists at the <a href=\"https:\/\/www.iao.fraunhofer.de\/en.html\" target=\"_blank\" rel=\"noopener\">Fraunhofer Institute for Industrial Engineering IAO<\/a> research this and similar questions and apply their findings in a results-oriented manner. Our experts design the interplay of people, technology and organization holistically and customized. We support companies and institutions in recognizing the potential of new technologies, using them profitably and opening up attractive future markets. Take advantage of our knowledge advantage for your economic success!<\/p>\t\t\t\t\t\t\t\t<\/div>\n\t\t\t\t<\/div>\n\t\t\t\t\t<\/div>\n\t\t<\/div>\n\t\t\t\t<div class=\"elementor-column elementor-col-25 elementor-top-column elementor-element elementor-element-bb0278f\" data-id=\"bb0278f\" data-element_type=\"column\" data-e-type=\"column\">\n\t\t\t<div class=\"elementor-widget-wrap elementor-element-populated\">\n\t\t\t\t\t\t<div class=\"elementor-element elementor-element-c866f2c elementor-widget elementor-widget-text-editor\" data-id=\"c866f2c\" data-element_type=\"widget\" data-e-type=\"widget\" data-widget_type=\"text-editor.default\">\n\t\t\t\t<div class=\"elementor-widget-container\">\n\t\t\t\t\t\t\t\t\t<h4>Fraunhofer Institute for Manufacturing Engineering and Automation IPA<\/h4><p>The <a href=\"https:\/\/www.ipa.fraunhofer.de\/en.html\" target=\"_blank\" rel=\"noopener\">Fraunhofer Institute for Manufacturing Engineering and Automation IPA<\/a> in Stuttgart orients its research towards the economic production of sustainable and personalized products through reliable, explainable, robust and data-saving learning methods and the development of intelligent planning and optimization algorithms as well as the combination of quantum computing with machine learning.<\/p>\t\t\t\t\t\t\t\t<\/div>\n\t\t\t\t<\/div>\n\t\t\t\t\t<\/div>\n\t\t<\/div>\n\t\t\t\t<div class=\"elementor-column elementor-col-25 elementor-top-column elementor-element elementor-element-1afa42d\" data-id=\"1afa42d\" data-element_type=\"column\" data-e-type=\"column\">\n\t\t\t<div class=\"elementor-widget-wrap elementor-element-populated\">\n\t\t\t\t\t\t<div class=\"elementor-element elementor-element-be87cc5 elementor-widget elementor-widget-text-editor\" data-id=\"be87cc5\" data-element_type=\"widget\" data-e-type=\"widget\" data-widget_type=\"text-editor.default\">\n\t\t\t\t<div class=\"elementor-widget-container\">\n\t\t\t\t\t\t\t\t\t<h4>GFT Integrated Systems GmbH<\/h4><p>The\u00a0<a href=\"https:\/\/www.gft.com\/int\/en\/business\/manufacturing-automotive\" target=\"_blank\" rel=\"noopener\">GFT Integrated Systems GmbH<\/a>\u00a0is a thought leader and pacesetter in the field of integrated business processes. GFT Integrated Systems GmbH contributes competencies in the area of cloud and platform-based software solutions as well as their connection to machine learning systems and develops basic and user services together with the project partners.<\/p>\t\t\t\t\t\t\t\t<\/div>\n\t\t\t\t<\/div>\n\t\t\t\t\t<\/div>\n\t\t<\/div>\n\t\t\t\t<div class=\"elementor-column elementor-col-25 elementor-top-column elementor-element elementor-element-da96eb0\" data-id=\"da96eb0\" data-element_type=\"column\" data-e-type=\"column\">\n\t\t\t<div class=\"elementor-widget-wrap elementor-element-populated\">\n\t\t\t\t\t\t<div class=\"elementor-element elementor-element-9fb881e elementor-widget elementor-widget-text-editor\" data-id=\"9fb881e\" data-element_type=\"widget\" data-e-type=\"widget\" data-widget_type=\"text-editor.default\">\n\t\t\t\t<div class=\"elementor-widget-container\">\n\t\t\t\t\t\t\t\t\t<h4>IAV GmbH Ingenieursgesellschaft Auto und Verkehr<\/h4><p>As one of the world's leading engineering partners, <a href=\"https:\/\/www.iav.com\/en\/company\/what-we-develop-moves-you\/\" target=\"_blank\" rel=\"noopener\">IAV<\/a> is developing the mobility of the future, thus combining automotive and IT. Together with its project partners, it is helping to develop basic and user services, for example in the form of route models and used machine evaluation, and is also testing their applicability in the automotive sector.<\/p>\t\t\t\t\t\t\t\t<\/div>\n\t\t\t\t<\/div>\n\t\t\t\t\t<\/div>\n\t\t<\/div>\n\t\t\t\t\t<\/div>\n\t\t<\/section>\n\t\t\t\t<section class=\"elementor-section elementor-top-section elementor-element elementor-element-3f34925 elementor-section-boxed elementor-section-height-default elementor-section-height-default\" data-id=\"3f34925\" data-element_type=\"section\" data-e-type=\"section\">\n\t\t\t\t\t\t<div class=\"elementor-container elementor-column-gap-default\">\n\t\t\t\t\t<div class=\"elementor-column elementor-col-25 elementor-top-column elementor-element elementor-element-ae361da\" data-id=\"ae361da\" data-element_type=\"column\" data-e-type=\"column\">\n\t\t\t<div class=\"elementor-widget-wrap elementor-element-populated\">\n\t\t\t\t\t\t<div class=\"elementor-element elementor-element-96567cc elementor-widget elementor-widget-image\" data-id=\"96567cc\" data-element_type=\"widget\" data-e-type=\"widget\" data-widget_type=\"image.default\">\n\t\t\t\t<div class=\"elementor-widget-container\">\n\t\t\t\t\t\t\t\t\t\t\t\t\t\t\t<img loading=\"lazy\" decoding=\"async\" width=\"150\" height=\"150\" src=\"https:\/\/www.autoqml.ai\/wp-content\/uploads\/2022\/04\/KEB-Logo-150x150.png\" class=\"attachment-thumbnail size-thumbnail wp-image-140\" alt=\"\" sizes=\"100vw\" \/>\t\t\t\t\t\t\t\t\t\t\t\t\t\t\t<\/div>\n\t\t\t\t<\/div>\n\t\t\t\t\t<\/div>\n\t\t<\/div>\n\t\t\t\t<div class=\"elementor-column elementor-col-25 elementor-top-column elementor-element elementor-element-01d2c95\" data-id=\"01d2c95\" data-element_type=\"column\" data-e-type=\"column\">\n\t\t\t<div class=\"elementor-widget-wrap elementor-element-populated\">\n\t\t\t\t\t\t<div class=\"elementor-element elementor-element-2fce0a9 elementor-widget__width-initial elementor-absolute elementor-widget elementor-widget-image\" data-id=\"2fce0a9\" data-element_type=\"widget\" data-e-type=\"widget\" data-settings=\"{&quot;_position&quot;:&quot;absolute&quot;}\" data-widget_type=\"image.default\">\n\t\t\t\t<div class=\"elementor-widget-container\">\n\t\t\t\t\t\t\t\t\t\t\t\t\t\t\t<img loading=\"lazy\" decoding=\"async\" width=\"150\" height=\"150\" src=\"https:\/\/www.autoqml.ai\/wp-content\/uploads\/2022\/04\/Trumpf-Logo-V1-150x150.png\" class=\"attachment-thumbnail size-thumbnail wp-image-334\" alt=\"\" srcset=\"https:\/\/www.autoqml.ai\/wp-content\/uploads\/2022\/04\/Trumpf-Logo-V1-150x150.png 150w, https:\/\/www.autoqml.ai\/wp-content\/uploads\/2022\/04\/Trumpf-Logo-V1-13x12.png 13w\" sizes=\"100vw\" \/>\t\t\t\t\t\t\t\t\t\t\t\t\t\t\t<\/div>\n\t\t\t\t<\/div>\n\t\t\t\t\t<\/div>\n\t\t<\/div>\n\t\t\t\t<div class=\"elementor-column elementor-col-25 elementor-top-column elementor-element elementor-element-a8463e3\" data-id=\"a8463e3\" data-element_type=\"column\" data-e-type=\"column\">\n\t\t\t<div class=\"elementor-widget-wrap elementor-element-populated\">\n\t\t\t\t\t\t<div class=\"elementor-element elementor-element-e3528e4 elementor-widget__width-initial elementor-absolute elementor-widget elementor-widget-image\" data-id=\"e3528e4\" data-element_type=\"widget\" data-e-type=\"widget\" data-settings=\"{&quot;_position&quot;:&quot;absolute&quot;}\" data-widget_type=\"image.default\">\n\t\t\t\t<div class=\"elementor-widget-container\">\n\t\t\t\t\t\t\t\t\t\t\t\t\t\t\t<img loading=\"lazy\" decoding=\"async\" width=\"150\" height=\"150\" src=\"https:\/\/www.autoqml.ai\/wp-content\/uploads\/2022\/04\/USU-Logo-V1-150x150.png\" class=\"attachment-thumbnail size-thumbnail wp-image-335\" alt=\"\" sizes=\"100vw\" \/>\t\t\t\t\t\t\t\t\t\t\t\t\t\t\t<\/div>\n\t\t\t\t<\/div>\n\t\t\t\t\t<\/div>\n\t\t<\/div>\n\t\t\t\t<div class=\"elementor-column elementor-col-25 elementor-top-column elementor-element elementor-element-49a1f1b\" data-id=\"49a1f1b\" data-element_type=\"column\" data-e-type=\"column\">\n\t\t\t<div class=\"elementor-widget-wrap elementor-element-populated\">\n\t\t\t\t\t\t<div class=\"elementor-element elementor-element-a7ecf9d elementor-widget__width-initial elementor-absolute elementor-widget elementor-widget-image\" data-id=\"a7ecf9d\" data-element_type=\"widget\" data-e-type=\"widget\" data-settings=\"{&quot;_position&quot;:&quot;absolute&quot;}\" data-widget_type=\"image.default\">\n\t\t\t\t<div class=\"elementor-widget-container\">\n\t\t\t\t\t\t\t\t\t\t\t\t\t\t\t<img loading=\"lazy\" decoding=\"async\" width=\"300\" height=\"108\" src=\"https:\/\/www.autoqml.ai\/wp-content\/uploads\/2022\/04\/Zeppelin-V3-300x108.png\" class=\"attachment-medium size-medium wp-image-338\" alt=\"\" srcset=\"https:\/\/www.autoqml.ai\/wp-content\/uploads\/2022\/04\/Zeppelin-V3-300x108.png 300w, https:\/\/www.autoqml.ai\/wp-content\/uploads\/2022\/04\/Zeppelin-V3-768x277.png 768w, https:\/\/www.autoqml.ai\/wp-content\/uploads\/2022\/04\/Zeppelin-V3-18x6.png 18w, https:\/\/www.autoqml.ai\/wp-content\/uploads\/2022\/04\/Zeppelin-V3-600x216.png 600w, https:\/\/www.autoqml.ai\/wp-content\/uploads\/2022\/04\/Zeppelin-V3.png 837w\" sizes=\"100vw\" \/>\t\t\t\t\t\t\t\t\t\t\t\t\t\t\t<\/div>\n\t\t\t\t<\/div>\n\t\t\t\t\t<\/div>\n\t\t<\/div>\n\t\t\t\t\t<\/div>\n\t\t<\/section>\n\t\t\t\t<section class=\"elementor-section elementor-top-section elementor-element elementor-element-b1e3313 elementor-section-boxed elementor-section-height-default elementor-section-height-default\" data-id=\"b1e3313\" data-element_type=\"section\" data-e-type=\"section\">\n\t\t\t\t\t\t<div class=\"elementor-container elementor-column-gap-default\">\n\t\t\t\t\t<div class=\"elementor-column elementor-col-25 elementor-top-column elementor-element elementor-element-5e997d7\" data-id=\"5e997d7\" data-element_type=\"column\" data-e-type=\"column\">\n\t\t\t<div class=\"elementor-widget-wrap elementor-element-populated\">\n\t\t\t\t\t\t<div class=\"elementor-element elementor-element-11d3912 elementor-widget elementor-widget-text-editor\" data-id=\"11d3912\" data-element_type=\"widget\" data-e-type=\"widget\" data-widget_type=\"text-editor.default\">\n\t\t\t\t<div class=\"elementor-widget-container\">\n\t\t\t\t\t\t\t\t\t<h4>KEB Automation KG<\/h4><p>The <a href=\"https:\/\/www.keb-automation.com\/de\" target=\"_blank\" rel=\"noopener\">KEB Automation KG<\/a> is a system solver for automated drive technologies. Through competencies in automation and intelligent data analysis, it participates with project partners in the development of basic and user services and tests their applicability in cooperation with customers from the fields of mechanical and plant engineering.<\/p>\t\t\t\t\t\t\t\t<\/div>\n\t\t\t\t<\/div>\n\t\t\t\t\t<\/div>\n\t\t<\/div>\n\t\t\t\t<div class=\"elementor-column elementor-col-25 elementor-top-column elementor-element elementor-element-4d5bf57\" data-id=\"4d5bf57\" data-element_type=\"column\" data-e-type=\"column\">\n\t\t\t<div class=\"elementor-widget-wrap elementor-element-populated\">\n\t\t\t\t\t\t<div class=\"elementor-element elementor-element-409718a elementor-widget elementor-widget-text-editor\" data-id=\"409718a\" data-element_type=\"widget\" data-e-type=\"widget\" data-widget_type=\"text-editor.default\">\n\t\t\t\t<div class=\"elementor-widget-container\">\n\t\t\t\t\t\t\t\t\t<h4>TRUMPF Werkzeugmaschinen GmbH + Co. KG<\/h4><p><a href=\"https:\/\/www.trumpf.com\/en_GB\/\" target=\"_blank\" rel=\"noopener\">Trumpf<\/a> is the market and technology leader in machine tools and lasers, including their software solutions for industrial manufacturing. It contributes expertise in the Smart Factory area and, together with the project partners, participates in the development of basic and user services and ensures their applicability using laser cutting machines.\u00a0<\/p>\t\t\t\t\t\t\t\t<\/div>\n\t\t\t\t<\/div>\n\t\t\t\t\t<\/div>\n\t\t<\/div>\n\t\t\t\t<div class=\"elementor-column elementor-col-25 elementor-top-column elementor-element elementor-element-ae31b01\" data-id=\"ae31b01\" data-element_type=\"column\" data-e-type=\"column\">\n\t\t\t<div class=\"elementor-widget-wrap elementor-element-populated\">\n\t\t\t\t\t\t<div class=\"elementor-element elementor-element-c0817e2 elementor-widget elementor-widget-text-editor\" data-id=\"c0817e2\" data-element_type=\"widget\" data-e-type=\"widget\" data-widget_type=\"text-editor.default\">\n\t\t\t\t<div class=\"elementor-widget-container\">\n\t\t\t\t\t\t\t\t\t<h4>USU Software AG<\/h4><p>The <a href=\"https:\/\/www.usu.com\/en-us\/\" target=\"_blank\" rel=\"noopener\">USU Software AG \/ USU GmbH<\/a> is the largest European provider of IT and knowledge management software. USU contributes expertise in machine data analysis, machine learning (AutoML) and smart data to AutoQML and develops basic and user services together with the project partners.<\/p>\t\t\t\t\t\t\t\t<\/div>\n\t\t\t\t<\/div>\n\t\t\t\t\t<\/div>\n\t\t<\/div>\n\t\t\t\t<div class=\"elementor-column elementor-col-25 elementor-top-column elementor-element elementor-element-1d5795e\" data-id=\"1d5795e\" data-element_type=\"column\" data-e-type=\"column\">\n\t\t\t<div class=\"elementor-widget-wrap elementor-element-populated\">\n\t\t\t\t\t\t<div class=\"elementor-element elementor-element-e465156 elementor-widget elementor-widget-text-editor\" data-id=\"e465156\" data-element_type=\"widget\" data-e-type=\"widget\" data-widget_type=\"text-editor.default\">\n\t\t\t\t<div class=\"elementor-widget-container\">\n\t\t\t\t\t\t\t\t\t<div class=\"teaser-text\" style=\"overflow-wrap: break-word;\"><h4>Zeppelin GmbH<\/h4><p class=\"text fhg-richtext\">The <a href=\"https:\/\/www.zeppelin.com\/de-en\/\">Zeppelin Konzern<\/a> offers solutions in the fields of construction, propulsion and energy, as well as engineering and plant construction, and is active in 43 countries and regions at more than 220 locations worldwide. Around 10,000 employees work together in a management holding company, six strategic business units and a strategic management center (= Zeppelin Digit).<\/p><\/div>\t\t\t\t\t\t\t\t<\/div>\n\t\t\t\t<\/div>\n\t\t\t\t\t<\/div>\n\t\t<\/div>\n\t\t\t\t\t<\/div>\n\t\t<\/section>\n\t\t\t\t<\/div>","protected":false},"excerpt":{"rendered":"<p>Fraunhofer-Institut f\u00fcr Arbeitswirtschaft und Organisation IAO Wie arbeiten und leben Menschen in Zukunft? Zu dieser und \u00e4hnlichen Fragen forschen Wissenschaftlerinnen und Wissenschaftler am Fraunhofer-Institut f\u00fcr Arbeitswirtschaft und Organisation IAO und bringen ihre Erkenntnisse ergebnisorientiert in die Anwendung. Unsere Expertinnen und Experten gestalten das Zusammenspiel von Mensch, Technik und Organisation ganzheitlich und kundenindividuell. Wir unterst\u00fctzen Unternehmen &hellip; <\/p>\n<p class=\"link-more\"><a href=\"https:\/\/www.autoqml.ai\/en\/konsortium\/\" class=\"more-link\">Read more<span class=\"screen-reader-text\"> &#8222;Konsortium&#8220;<\/span><\/a><\/p>","protected":false},"author":2,"featured_media":19,"parent":0,"menu_order":0,"comment_status":"closed","ping_status":"closed","template":"","meta":{"footnotes":""},"class_list":["post-63","page","type-page","status-publish","has-post-thumbnail","hentry"],"featured_media_urls":{"thumbnail":["https:\/\/www.autoqml.ai\/wp-content\/uploads\/2022\/04\/6399-AutoQML_ke_Web-Bild-4096x1274-2-150x150.jpeg",150,150,true],"medium":["https:\/\/www.autoqml.ai\/wp-content\/uploads\/2022\/04\/6399-AutoQML_ke_Web-Bild-4096x1274-2-300x93.jpeg",300,93,true],"medium_large":["https:\/\/www.autoqml.ai\/wp-content\/uploads\/2022\/04\/6399-AutoQML_ke_Web-Bild-4096x1274-2-768x239.jpeg",768,239,true],"large":["https:\/\/www.autoqml.ai\/wp-content\/uploads\/2022\/04\/6399-AutoQML_ke_Web-Bild-4096x1274-2-1024x319.jpeg",950,296,true],"1536x1536":["https:\/\/www.autoqml.ai\/wp-content\/uploads\/2022\/04\/6399-AutoQML_ke_Web-Bild-4096x1274-2-1536x478.jpeg",1536,478,true],"2048x2048":["https:\/\/www.autoqml.ai\/wp-content\/uploads\/2022\/04\/6399-AutoQML_ke_Web-Bild-4096x1274-2-2048x637.jpeg",2048,637,true],"trp-custom-language-flag":["https:\/\/www.autoqml.ai\/wp-content\/uploads\/2022\/04\/6399-AutoQML_ke_Web-Bild-4096x1274-2-scaled-18x6.jpeg",18,6,true],"inspiro-featured-image":["https:\/\/www.autoqml.ai\/wp-content\/uploads\/2022\/04\/6399-AutoQML_ke_Web-Bild-4096x1274-2-2000x622.jpeg",2000,622,true],"inspiro-loop":["https:\/\/www.autoqml.ai\/wp-content\/uploads\/2022\/04\/6399-AutoQML_ke_Web-Bild-4096x1274-2-950x320.jpeg",950,320,true],"inspiro-loop@2x":["https:\/\/www.autoqml.ai\/wp-content\/uploads\/2022\/04\/6399-AutoQML_ke_Web-Bild-4096x1274-2-1900x640.jpeg",1900,640,true],"portfolio_item-thumbnail":["https:\/\/www.autoqml.ai\/wp-content\/uploads\/2022\/04\/6399-AutoQML_ke_Web-Bild-4096x1274-2-scaled-600x400.jpeg",600,400,true],"portfolio_item-thumbnail@2x":["https:\/\/www.autoqml.ai\/wp-content\/uploads\/2022\/04\/6399-AutoQML_ke_Web-Bild-4096x1274-2-scaled-1200x796.jpeg",1200,796,true],"portfolio_item-masonry":["https:\/\/www.autoqml.ai\/wp-content\/uploads\/2022\/04\/6399-AutoQML_ke_Web-Bild-4096x1274-2-scaled-600x187.jpeg",600,187,true],"portfolio_item-masonry@2x":["https:\/\/www.autoqml.ai\/wp-content\/uploads\/2022\/04\/6399-AutoQML_ke_Web-Bild-4096x1274-2-scaled-1200x373.jpeg",1200,373,true],"portfolio_item-thumbnail_cinema":["https:\/\/www.autoqml.ai\/wp-content\/uploads\/2022\/04\/6399-AutoQML_ke_Web-Bild-4096x1274-2-scaled-800x335.jpeg",800,335,true],"portfolio_item-thumbnail_portrait":["https:\/\/www.autoqml.ai\/wp-content\/uploads\/2022\/04\/6399-AutoQML_ke_Web-Bild-4096x1274-2-scaled-600x796.jpeg",600,796,true],"portfolio_item-thumbnail_portrait@2x":["https:\/\/www.autoqml.ai\/wp-content\/uploads\/2022\/04\/6399-AutoQML_ke_Web-Bild-4096x1274-2-scaled-1200x796.jpeg",1200,796,true],"portfolio_item-thumbnail_square":["https:\/\/www.autoqml.ai\/wp-content\/uploads\/2022\/04\/6399-AutoQML_ke_Web-Bild-4096x1274-2-scaled-800x796.jpeg",800,796,true]},"_links":{"self":[{"href":"https:\/\/www.autoqml.ai\/en\/wp-json\/wp\/v2\/pages\/63","targetHints":{"allow":["GET"]}}],"collection":[{"href":"https:\/\/www.autoqml.ai\/en\/wp-json\/wp\/v2\/pages"}],"about":[{"href":"https:\/\/www.autoqml.ai\/en\/wp-json\/wp\/v2\/types\/page"}],"author":[{"embeddable":true,"href":"https:\/\/www.autoqml.ai\/en\/wp-json\/wp\/v2\/users\/2"}],"replies":[{"embeddable":true,"href":"https:\/\/www.autoqml.ai\/en\/wp-json\/wp\/v2\/comments?post=63"}],"version-history":[{"count":212,"href":"https:\/\/www.autoqml.ai\/en\/wp-json\/wp\/v2\/pages\/63\/revisions"}],"predecessor-version":[{"id":1482,"href":"https:\/\/www.autoqml.ai\/en\/wp-json\/wp\/v2\/pages\/63\/revisions\/1482"}],"wp:featuredmedia":[{"embeddable":true,"href":"https:\/\/www.autoqml.ai\/en\/wp-json\/wp\/v2\/media\/19"}],"wp:attachment":[{"href":"https:\/\/www.autoqml.ai\/en\/wp-json\/wp\/v2\/media?parent=63"}],"curies":[{"name":"wp","href":"https:\/\/api.w.org\/{rel}","templated":true}]}}