{"id":214,"date":"2022-04-14T09:08:38","date_gmt":"2022-04-14T07:08:38","guid":{"rendered":"https:\/\/websites.fraunhofer.de\/autoqml\/?page_id=214"},"modified":"2024-01-09T10:54:37","modified_gmt":"2024-01-09T09:54:37","slug":"impressum","status":"publish","type":"page","link":"https:\/\/www.autoqml.ai\/en\/impressum\/","title":{"rendered":"Imprint"},"content":{"rendered":"<div data-elementor-type=\"wp-page\" data-elementor-id=\"214\" class=\"elementor elementor-214\" data-elementor-post-type=\"page\">\n\t\t\t\t\t\t<section class=\"elementor-section elementor-top-section elementor-element elementor-element-f44adc3 elementor-section-boxed elementor-section-height-default elementor-section-height-default\" data-id=\"f44adc3\" data-element_type=\"section\" data-e-type=\"section\">\n\t\t\t\t\t\t<div class=\"elementor-container elementor-column-gap-default\">\n\t\t\t\t\t<div class=\"elementor-column elementor-col-100 elementor-top-column elementor-element elementor-element-9d6b7ed\" data-id=\"9d6b7ed\" data-element_type=\"column\" data-e-type=\"column\">\n\t\t\t<div class=\"elementor-widget-wrap\">\n\t\t\t\t\t\t\t<\/div>\n\t\t<\/div>\n\t\t\t\t\t<\/div>\n\t\t<\/section>\n\t\t\t\t<section class=\"elementor-section elementor-top-section elementor-element elementor-element-442d5de elementor-section-boxed elementor-section-height-default elementor-section-height-default\" data-id=\"442d5de\" data-element_type=\"section\" data-e-type=\"section\">\n\t\t\t\t\t\t<div class=\"elementor-container elementor-column-gap-default\">\n\t\t\t\t\t<div class=\"elementor-column elementor-col-100 elementor-top-column elementor-element elementor-element-352fdc1\" data-id=\"352fdc1\" data-element_type=\"column\" data-e-type=\"column\">\n\t\t\t<div class=\"elementor-widget-wrap elementor-element-populated\">\n\t\t\t\t\t\t<div class=\"elementor-element elementor-element-620ffca elementor-widget elementor-widget-text-editor\" data-id=\"620ffca\" data-element_type=\"widget\" data-e-type=\"widget\" data-widget_type=\"text-editor.default\">\n\t\t\t\t<div class=\"elementor-widget-container\">\n\t\t\t\t\t\t\t\t\t<article id=\"post-2\" class=\"page-body style-light-bg post-2 page type-page status-publish hentry\">\n<div class=\"post-wrapper\">\n<div class=\"post-body\">\n<div class=\"post-content un-no-sidebar-layout\">\n<div class=\"row-container\">\n<div class=\"row row-parent style-light limit-width double-top-padding double-bottom-padding\">\n<div>\n<p>Fraunhofer Institute for Industrial Engineering IAO<\/p>\n<p>Nobelstr. 12<br>70569 Stuttgart<\/p>\n<p>is a legally non-independent institution of the<\/p>\n<p>Fraunhofer-Gesellschaft<br>zur F\u00f6rderung der angewandten Forschung e.V.<br>Hansastra\u00dfe 27 c<br>80686 M\u00fcnchen<br>Phone +49 89 1205-0<br>Fax +49 89 1205-7531<br>E-mail: <a href=\"mailto:info@zv.fraunhofer.de\">info@zv.fraunhofer.de<\/a><\/p>\n<p><a href=\"https:\/\/www.fraunhofer.de\/en.html\">www.fraunhofer.de<\/a><\/p>\n<div data-contextual-id=\"custom_formatters:formatter=impressum_baustein:langcode=de\" data-contextual-token=\"20kqlB-CjtAgGtBMuYMk3zWxNPxbwS2ShJftwuEfvz8\">&nbsp;<\/div>\n<\/div>\n<div>\n<h2>Sales tax identification number according to \u00a7 27a Sales Tax Act<\/h2>\n<p>DE 129515865<\/p>\n<\/div>\n<div>\n<h2>Registry Court<\/h2>\n<p>Amtsgericht M\u00fcnchen<br>Registered association<br>Register no. VR 4461<\/p>\n<\/div>\n<div>\n<h2>Editor in charge<\/h2>\n<ul>\n<li>Chiara Stephan<br>Telefon +49 711 970-5148<br><u><a href=\"mailto:christian.tutschku@iao.fraunhofer.de\" target=\"_blank\" rel=\"noopener\">chiara.stephan@iao.fraunhofer.de<\/a><\/u><\/li>\n<\/ul>\n<p>Note: For general questions about the Institute, please contact:<\/p>\n<ul>\n<li>Fraunhofer IAO<br>Kommunikation und Netzwert<br>Nobelstra\u00dfe 12<br>70569 Stuttgart<br>Phone +49 711 970-2124<br><a class=\"\" href=\"mailto:presse@iao.fraunhofer.de\">presse@iao.fraunhofer.de<\/a><\/li>\n<\/ul>\n<\/div>\n<div>\n<h2>Board of Management<\/h2>\n<p>Prof. Dr.-Ing. Holger Hanselka, Corporate Strategy, Research and Communications<br>Prof. Dr. Axel M\u00fcller-Groeling, Research Infrastructures and Digital Transformation<br>Ass. jur. Elisabeth Ewen, Human Resources, Corporate Culture and Legal Affairs<br>Dr. Sandra Krey, Finances and Controlling<br><\/p>\n<\/div>\n<div>\n<h2>Rights of use<\/h2>\n<p>Copyright \u00a9 by<br>Fraunhofer-Gesellschaft<\/p>\n<p>All rights reserved.<br>The copyright for this website is owned in full by the Fraunhofer-Gesellschaft.<\/p>\n<p>Downloading or printing of these publications is permitted for personal use only. Any other use, in particular commercial use and distribution, is strictly prohibited and requires written permission.<\/p>\n<p>Please address any inquiries to:<\/p>\n<p>Fraunhofer Institute for Industrial Engineering IAO<br>Nobelstr. 12<br>70569 Stuttgart<\/p>\n<p>Furthermore, downloading or printing is permitted solely for the purpose of reporting on the Fraunhofer-Gesellschaft and its institutes in accordance with the terms of use set out below.<\/p>\n<p>Graphical changes to image motifs - except for the purpose of cropping the main motif - are not permitted. The source must always be acknowledged and two free copies of the publication must be sent to the above address. The use is free of charge.<\/p>\n<\/div>\n<div>\n<h2>Liability notice<\/h2>\n<p>We assume no liability for the content of external links. The operators of the linked pages are solely responsible for their content.<\/p>\n<p>We make every effort to ensure that the material contained in our website is current, complete and correct. Nevertheless, the occurrence of errors cannot be completely ruled out. The Fraunhofer Institute and the Fraunhofer-Gesellschaft do not accept liability for the relevance, accuracy or completeness of the information and material offered in its website. This applies to any material or non-material damage suffered by third parties as a result of using this website.<\/p>\n<p>Protected trademarks and names, images and texts are not generally identified as such on our pages. However, the absence of such identification does not mean that the name, image or text is free in the sense of trademark law.<\/p>\n<\/div>\n<\/div>\n<\/div>\n<\/div>\n<\/div>\n<\/div>\n<\/article>\t\t\t\t\t\t\t\t<\/div>\n\t\t\t\t<\/div>\n\t\t\t\t\t<\/div>\n\t\t<\/div>\n\t\t\t\t\t<\/div>\n\t\t<\/section>\n\t\t\t\t<\/div>","protected":false},"excerpt":{"rendered":"<p>Das Fraunhofer-Institut f\u00fcr Arbeitswirtschaft und Organisation IAO Nobelstr. 1270569 Stuttgart ist eine rechtlich nicht selbstst\u00e4ndige Einrichtung der Fraunhofer-Gesellschaftzur F\u00f6rderung der angewandten Forschung e.V.Hansastra\u00dfe 27 c80686 M\u00fcnchenTelefon +49 89 1205- 0Fax +49 89 1205-7531E-Mail: info@zv.fraunhofer.de www.fraunhofer.de &nbsp; Umsatzsteuer-Identifikationsnummer gem\u00e4\u00df \u00a7 27a Umsatzsteuergesetz DE 129515865 Registergericht Amtsgericht M\u00fcnchenEingetragener VereinRegister-Nr. VR 4461 Verantwortliche Redakteurin Chiara StephanTelefon +49 711 &hellip; <\/p>\n<p class=\"link-more\"><a href=\"https:\/\/www.autoqml.ai\/en\/impressum\/\" class=\"more-link\">Read more<span class=\"screen-reader-text\"> &#8222;Impressum&#8220;<\/span><\/a><\/p>","protected":false},"author":2,"featured_media":19,"parent":0,"menu_order":0,"comment_status":"closed","ping_status":"closed","template":"page-templates\/full-width-builder-bb.php","meta":{"footnotes":""},"class_list":["post-214","page","type-page","status-publish","has-post-thumbnail","hentry"],"featured_media_urls":{"thumbnail":["https:\/\/www.autoqml.ai\/wp-content\/uploads\/2022\/04\/6399-AutoQML_ke_Web-Bild-4096x1274-2-150x150.jpeg",150,150,true],"medium":["https:\/\/www.autoqml.ai\/wp-content\/uploads\/2022\/04\/6399-AutoQML_ke_Web-Bild-4096x1274-2-300x93.jpeg",300,93,true],"medium_large":["https:\/\/www.autoqml.ai\/wp-content\/uploads\/2022\/04\/6399-AutoQML_ke_Web-Bild-4096x1274-2-768x239.jpeg",768,239,true],"large":["https:\/\/www.autoqml.ai\/wp-content\/uploads\/2022\/04\/6399-AutoQML_ke_Web-Bild-4096x1274-2-1024x319.jpeg",950,296,true],"1536x1536":["https:\/\/www.autoqml.ai\/wp-content\/uploads\/2022\/04\/6399-AutoQML_ke_Web-Bild-4096x1274-2-1536x478.jpeg",1536,478,true],"2048x2048":["https:\/\/www.autoqml.ai\/wp-content\/uploads\/2022\/04\/6399-AutoQML_ke_Web-Bild-4096x1274-2-2048x637.jpeg",2048,637,true],"trp-custom-language-flag":["https:\/\/www.autoqml.ai\/wp-content\/uploads\/2022\/04\/6399-AutoQML_ke_Web-Bild-4096x1274-2-scaled-18x6.jpeg",18,6,true],"inspiro-featured-image":["https:\/\/www.autoqml.ai\/wp-content\/uploads\/2022\/04\/6399-AutoQML_ke_Web-Bild-4096x1274-2-2000x622.jpeg",2000,622,true],"inspiro-loop":["https:\/\/www.autoqml.ai\/wp-content\/uploads\/2022\/04\/6399-AutoQML_ke_Web-Bild-4096x1274-2-950x320.jpeg",950,320,true],"inspiro-loop@2x":["https:\/\/www.autoqml.ai\/wp-content\/uploads\/2022\/04\/6399-AutoQML_ke_Web-Bild-4096x1274-2-1900x640.jpeg",1900,640,true],"portfolio_item-thumbnail":["https:\/\/www.autoqml.ai\/wp-content\/uploads\/2022\/04\/6399-AutoQML_ke_Web-Bild-4096x1274-2-scaled-600x400.jpeg",600,400,true],"portfolio_item-thumbnail@2x":["https:\/\/www.autoqml.ai\/wp-content\/uploads\/2022\/04\/6399-AutoQML_ke_Web-Bild-4096x1274-2-scaled-1200x796.jpeg",1200,796,true],"portfolio_item-masonry":["https:\/\/www.autoqml.ai\/wp-content\/uploads\/2022\/04\/6399-AutoQML_ke_Web-Bild-4096x1274-2-scaled-600x187.jpeg",600,187,true],"portfolio_item-masonry@2x":["https:\/\/www.autoqml.ai\/wp-content\/uploads\/2022\/04\/6399-AutoQML_ke_Web-Bild-4096x1274-2-scaled-1200x373.jpeg",1200,373,true],"portfolio_item-thumbnail_cinema":["https:\/\/www.autoqml.ai\/wp-content\/uploads\/2022\/04\/6399-AutoQML_ke_Web-Bild-4096x1274-2-scaled-800x335.jpeg",800,335,true],"portfolio_item-thumbnail_portrait":["https:\/\/www.autoqml.ai\/wp-content\/uploads\/2022\/04\/6399-AutoQML_ke_Web-Bild-4096x1274-2-scaled-600x796.jpeg",600,796,true],"portfolio_item-thumbnail_portrait@2x":["https:\/\/www.autoqml.ai\/wp-content\/uploads\/2022\/04\/6399-AutoQML_ke_Web-Bild-4096x1274-2-scaled-1200x796.jpeg",1200,796,true],"portfolio_item-thumbnail_square":["https:\/\/www.autoqml.ai\/wp-content\/uploads\/2022\/04\/6399-AutoQML_ke_Web-Bild-4096x1274-2-scaled-800x796.jpeg",800,796,true]},"_links":{"self":[{"href":"https:\/\/www.autoqml.ai\/en\/wp-json\/wp\/v2\/pages\/214","targetHints":{"allow":["GET"]}}],"collection":[{"href":"https:\/\/www.autoqml.ai\/en\/wp-json\/wp\/v2\/pages"}],"about":[{"href":"https:\/\/www.autoqml.ai\/en\/wp-json\/wp\/v2\/types\/page"}],"author":[{"embeddable":true,"href":"https:\/\/www.autoqml.ai\/en\/wp-json\/wp\/v2\/users\/2"}],"replies":[{"embeddable":true,"href":"https:\/\/www.autoqml.ai\/en\/wp-json\/wp\/v2\/comments?post=214"}],"version-history":[{"count":18,"href":"https:\/\/www.autoqml.ai\/en\/wp-json\/wp\/v2\/pages\/214\/revisions"}],"predecessor-version":[{"id":1317,"href":"https:\/\/www.autoqml.ai\/en\/wp-json\/wp\/v2\/pages\/214\/revisions\/1317"}],"wp:featuredmedia":[{"embeddable":true,"href":"https:\/\/www.autoqml.ai\/en\/wp-json\/wp\/v2\/media\/19"}],"wp:attachment":[{"href":"https:\/\/www.autoqml.ai\/en\/wp-json\/wp\/v2\/media?parent=214"}],"curies":[{"name":"wp","href":"https:\/\/api.w.org\/{rel}","templated":true}]}}